{"id":3103,"date":"2024-11-05T16:00:22","date_gmt":"2024-11-05T13:00:22","guid":{"rendered":"https:\/\/swanfeat.com\/en\/\/?post_type=product&#038;p=3103"},"modified":"2025-02-05T16:06:49","modified_gmt":"2025-02-05T13:06:49","slug":"yuz-temizleme-jeli","status":"publish","type":"product","link":"https:\/\/swanfeat.com\/tr\/urun\/yuz-temizleme-jeli\/","title":{"rendered":"Y\u00fcz Temizleme Jeli"},"content":{"rendered":"","protected":false},"excerpt":{"rendered":"<p style=\"direction: ltr; text-align: justify;\"><span data-sheets-root=\"1\">Cildi derinlemesine temizler, Cildi ayd\u0131nlat\u0131r ve ar\u0131nd\u0131r\u0131r, Cildi yeniler, Antiinflamatuar ve antibakteriyeldir, Cildin a\u00e7\u0131k g\u00f6zeneklerini kontrol eder, Siyah noktalar\u0131n ve sivilcelerin giderilmesinde etkilidir.<\/span><br \/>\n<strong style=\"letter-spacing: 0px;\"><span style=\"letter-spacing: 0px;\">250ML<\/span><\/strong><\/p>\n","protected":false},"featured_media":3363,"comment_status":"open","ping_status":"closed","template":"","meta":[],"product_brand":[],"product_cat":[85],"product_tag":[],"class_list":{"0":"post-3103","1":"product","2":"type-product","3":"status-publish","4":"has-post-thumbnail","6":"product_cat-cilt","8":"first","9":"instock","10":"taxable","11":"shipping-taxable","12":"purchasable","13":"product-type-simple"},"yoast_head":"<!-- This site is optimized with the Yoast SEO Premium plugin v23.1 (Yoast SEO v24.3) - https:\/\/yoast.com\/wordpress\/plugins\/seo\/ -->\n<title>Y\u00fcz Temizleme Jeli - swanfeat<\/title>\n<meta name=\"robots\" content=\"index, follow, max-snippet:-1, max-image-preview:large, max-video-preview:-1\" \/>\n<link rel=\"canonical\" href=\"https:\/\/swanfeat.com\/tr\/urun\/yuz-temizleme-jeli\/\" \/>\n<meta property=\"og:locale\" content=\"tr_TR\" \/>\n<meta property=\"og:type\" content=\"article\" \/>\n<meta property=\"og:title\" content=\"Y\u00fcz Temizleme Jeli\" \/>\n<meta property=\"og:description\" content=\"Cildi derinlemesine temizler, Cildi ayd\u0131nlat\u0131r ve ar\u0131nd\u0131r\u0131r, Cildi yeniler, Antiinflamatuar ve antibakteriyeldir, Cildin a\u00e7\u0131k g\u00f6zeneklerini kontrol eder, Siyah noktalar\u0131n ve sivilcelerin giderilmesinde etkilidir. 250ML\" \/>\n<meta property=\"og:url\" content=\"https:\/\/swanfeat.com\/tr\/urun\/yuz-temizleme-jeli\/\" \/>\n<meta property=\"og:site_name\" content=\"swanfeat\" \/>\n<meta property=\"article:modified_time\" content=\"2025-02-05T13:06:49+00:00\" \/>\n<meta property=\"og:image\" content=\"https:\/\/swanfeat.com\/wp-content\/uploads\/2024\/11\/swanfeat.facewash.05.png\" \/>\n\t<meta property=\"og:image:width\" content=\"570\" \/>\n\t<meta property=\"og:image:height\" content=\"770\" \/>\n\t<meta property=\"og:image:type\" content=\"image\/png\" \/>\n<meta name=\"twitter:card\" content=\"summary_large_image\" \/>\n<meta name=\"twitter:label1\" content=\"Tahmini okuma s\u00fcresi\" \/>\n\t<meta name=\"twitter:data1\" content=\"1 dakika\" \/>\n<script type=\"application\/ld+json\" class=\"yoast-schema-graph\">{\"@context\":\"https:\/\/schema.org\",\"@graph\":[{\"@type\":\"WebPage\",\"@id\":\"https:\/\/swanfeat.com\/tr\/urun\/yuz-temizleme-jeli\/\",\"url\":\"https:\/\/swanfeat.com\/tr\/urun\/yuz-temizleme-jeli\/\",\"name\":\"Y\u00fcz Temizleme Jeli - swanfeat\",\"isPartOf\":{\"@id\":\"https:\/\/swanfeat.com\/en\/#website\"},\"primaryImageOfPage\":{\"@id\":\"https:\/\/swanfeat.com\/tr\/urun\/yuz-temizleme-jeli\/#primaryimage\"},\"image\":{\"@id\":\"https:\/\/swanfeat.com\/tr\/urun\/yuz-temizleme-jeli\/#primaryimage\"},\"thumbnailUrl\":\"https:\/\/swanfeat.com\/wp-content\/uploads\/2024\/11\/swanfeat.facewash.05.png\",\"datePublished\":\"2024-11-05T13:00:22+00:00\",\"dateModified\":\"2025-02-05T13:06:49+00:00\",\"breadcrumb\":{\"@id\":\"https:\/\/swanfeat.com\/tr\/urun\/yuz-temizleme-jeli\/#breadcrumb\"},\"inLanguage\":\"tr\",\"potentialAction\":[{\"@type\":\"ReadAction\",\"target\":[\"https:\/\/swanfeat.com\/tr\/urun\/yuz-temizleme-jeli\/\"]}]},{\"@type\":\"ImageObject\",\"inLanguage\":\"tr\",\"@id\":\"https:\/\/swanfeat.com\/tr\/urun\/yuz-temizleme-jeli\/#primaryimage\",\"url\":\"https:\/\/swanfeat.com\/wp-content\/uploads\/2024\/11\/swanfeat.facewash.05.png\",\"contentUrl\":\"https:\/\/swanfeat.com\/wp-content\/uploads\/2024\/11\/swanfeat.facewash.05.png\",\"width\":570,\"height\":770},{\"@type\":\"BreadcrumbList\",\"@id\":\"https:\/\/swanfeat.com\/tr\/urun\/yuz-temizleme-jeli\/#breadcrumb\",\"itemListElement\":[{\"@type\":\"ListItem\",\"position\":1,\"name\":\"Home\",\"item\":\"https:\/\/swanfeat.com\/tr\/\"},{\"@type\":\"ListItem\",\"position\":2,\"name\":\"Ma\u011faza\",\"item\":\"https:\/\/swanfeat.com\/tr\/magaza\/\"},{\"@type\":\"ListItem\",\"position\":3,\"name\":\"Y\u00fcz Temizleme Jeli\"}]},{\"@type\":\"WebSite\",\"@id\":\"https:\/\/swanfeat.com\/en\/#website\",\"url\":\"https:\/\/swanfeat.com\/en\/\",\"name\":\"swanfeat\",\"description\":\"Cosmetic Product\",\"publisher\":{\"@id\":\"https:\/\/swanfeat.com\/en\/#organization\"},\"potentialAction\":[{\"@type\":\"SearchAction\",\"target\":{\"@type\":\"EntryPoint\",\"urlTemplate\":\"https:\/\/swanfeat.com\/en\/?s={search_term_string}\"},\"query-input\":{\"@type\":\"PropertyValueSpecification\",\"valueRequired\":true,\"valueName\":\"search_term_string\"}}],\"inLanguage\":\"tr\"},{\"@type\":\"Organization\",\"@id\":\"https:\/\/swanfeat.com\/en\/#organization\",\"name\":\"swanfeat\",\"url\":\"https:\/\/swanfeat.com\/en\/\",\"logo\":{\"@type\":\"ImageObject\",\"inLanguage\":\"tr\",\"@id\":\"https:\/\/swanfeat.com\/en\/#\/schema\/logo\/image\/\",\"url\":\"https:\/\/swanfeat.com\/en\/\/wp-content\/uploads\/2024\/07\/swanfeat-logo-black-1.png\",\"contentUrl\":\"https:\/\/swanfeat.com\/en\/\/wp-content\/uploads\/2024\/07\/swanfeat-logo-black-1.png\",\"width\":600,\"height\":600,\"caption\":\"swanfeat\"},\"image\":{\"@id\":\"https:\/\/swanfeat.com\/en\/#\/schema\/logo\/image\/\"}}]}<\/script>\n<!-- \/ Yoast SEO Premium plugin. -->","yoast_head_json":{"title":"Y\u00fcz Temizleme Jeli - swanfeat","robots":{"index":"index","follow":"follow","max-snippet":"max-snippet:-1","max-image-preview":"max-image-preview:large","max-video-preview":"max-video-preview:-1"},"canonical":"https:\/\/swanfeat.com\/tr\/urun\/yuz-temizleme-jeli\/","og_locale":"tr_TR","og_type":"article","og_title":"Y\u00fcz Temizleme Jeli","og_description":"Cildi derinlemesine temizler, Cildi ayd\u0131nlat\u0131r ve ar\u0131nd\u0131r\u0131r, Cildi yeniler, Antiinflamatuar ve antibakteriyeldir, Cildin a\u00e7\u0131k g\u00f6zeneklerini kontrol eder, Siyah noktalar\u0131n ve sivilcelerin giderilmesinde etkilidir. 250ML","og_url":"https:\/\/swanfeat.com\/tr\/urun\/yuz-temizleme-jeli\/","og_site_name":"swanfeat","article_modified_time":"2025-02-05T13:06:49+00:00","og_image":[{"width":570,"height":770,"url":"https:\/\/swanfeat.com\/wp-content\/uploads\/2024\/11\/swanfeat.facewash.05.png","type":"image\/png"}],"twitter_card":"summary_large_image","twitter_misc":{"Tahmini okuma s\u00fcresi":"1 dakika"},"schema":{"@context":"https:\/\/schema.org","@graph":[{"@type":"WebPage","@id":"https:\/\/swanfeat.com\/tr\/urun\/yuz-temizleme-jeli\/","url":"https:\/\/swanfeat.com\/tr\/urun\/yuz-temizleme-jeli\/","name":"Y\u00fcz Temizleme Jeli - swanfeat","isPartOf":{"@id":"https:\/\/swanfeat.com\/en\/#website"},"primaryImageOfPage":{"@id":"https:\/\/swanfeat.com\/tr\/urun\/yuz-temizleme-jeli\/#primaryimage"},"image":{"@id":"https:\/\/swanfeat.com\/tr\/urun\/yuz-temizleme-jeli\/#primaryimage"},"thumbnailUrl":"https:\/\/swanfeat.com\/wp-content\/uploads\/2024\/11\/swanfeat.facewash.05.png","datePublished":"2024-11-05T13:00:22+00:00","dateModified":"2025-02-05T13:06:49+00:00","breadcrumb":{"@id":"https:\/\/swanfeat.com\/tr\/urun\/yuz-temizleme-jeli\/#breadcrumb"},"inLanguage":"tr","potentialAction":[{"@type":"ReadAction","target":["https:\/\/swanfeat.com\/tr\/urun\/yuz-temizleme-jeli\/"]}]},{"@type":"ImageObject","inLanguage":"tr","@id":"https:\/\/swanfeat.com\/tr\/urun\/yuz-temizleme-jeli\/#primaryimage","url":"https:\/\/swanfeat.com\/wp-content\/uploads\/2024\/11\/swanfeat.facewash.05.png","contentUrl":"https:\/\/swanfeat.com\/wp-content\/uploads\/2024\/11\/swanfeat.facewash.05.png","width":570,"height":770},{"@type":"BreadcrumbList","@id":"https:\/\/swanfeat.com\/tr\/urun\/yuz-temizleme-jeli\/#breadcrumb","itemListElement":[{"@type":"ListItem","position":1,"name":"Home","item":"https:\/\/swanfeat.com\/tr\/"},{"@type":"ListItem","position":2,"name":"Ma\u011faza","item":"https:\/\/swanfeat.com\/tr\/magaza\/"},{"@type":"ListItem","position":3,"name":"Y\u00fcz Temizleme Jeli"}]},{"@type":"WebSite","@id":"https:\/\/swanfeat.com\/en\/#website","url":"https:\/\/swanfeat.com\/en\/","name":"swanfeat","description":"Cosmetic Product","publisher":{"@id":"https:\/\/swanfeat.com\/en\/#organization"},"potentialAction":[{"@type":"SearchAction","target":{"@type":"EntryPoint","urlTemplate":"https:\/\/swanfeat.com\/en\/?s={search_term_string}"},"query-input":{"@type":"PropertyValueSpecification","valueRequired":true,"valueName":"search_term_string"}}],"inLanguage":"tr"},{"@type":"Organization","@id":"https:\/\/swanfeat.com\/en\/#organization","name":"swanfeat","url":"https:\/\/swanfeat.com\/en\/","logo":{"@type":"ImageObject","inLanguage":"tr","@id":"https:\/\/swanfeat.com\/en\/#\/schema\/logo\/image\/","url":"https:\/\/swanfeat.com\/en\/\/wp-content\/uploads\/2024\/07\/swanfeat-logo-black-1.png","contentUrl":"https:\/\/swanfeat.com\/en\/\/wp-content\/uploads\/2024\/07\/swanfeat-logo-black-1.png","width":600,"height":600,"caption":"swanfeat"},"image":{"@id":"https:\/\/swanfeat.com\/en\/#\/schema\/logo\/image\/"}}]}},"_links":{"self":[{"href":"https:\/\/swanfeat.com\/tr\/wp-json\/wp\/v2\/product\/3103","targetHints":{"allow":["GET"]}}],"collection":[{"href":"https:\/\/swanfeat.com\/tr\/wp-json\/wp\/v2\/product"}],"about":[{"href":"https:\/\/swanfeat.com\/tr\/wp-json\/wp\/v2\/types\/product"}],"replies":[{"embeddable":true,"href":"https:\/\/swanfeat.com\/tr\/wp-json\/wp\/v2\/comments?post=3103"}],"wp:featuredmedia":[{"embeddable":true,"href":"https:\/\/swanfeat.com\/tr\/wp-json\/wp\/v2\/media\/3363"}],"wp:attachment":[{"href":"https:\/\/swanfeat.com\/tr\/wp-json\/wp\/v2\/media?parent=3103"}],"wp:term":[{"taxonomy":"product_brand","embeddable":true,"href":"https:\/\/swanfeat.com\/tr\/wp-json\/wp\/v2\/product_brand?post=3103"},{"taxonomy":"product_cat","embeddable":true,"href":"https:\/\/swanfeat.com\/tr\/wp-json\/wp\/v2\/product_cat?post=3103"},{"taxonomy":"product_tag","embeddable":true,"href":"https:\/\/swanfeat.com\/tr\/wp-json\/wp\/v2\/product_tag?post=3103"}],"curies":[{"name":"wp","href":"https:\/\/api.w.org\/{rel}","templated":true}]}}