{"id":2150,"date":"2024-07-27T11:46:00","date_gmt":"2024-07-27T08:46:00","guid":{"rendered":"https:\/\/swanfeat.com\/en\/\/product\/makeup-brushes-11-pcs\/"},"modified":"2024-07-27T15:56:28","modified_gmt":"2024-07-27T12:56:28","slug":"parca-makyaj-firca-11-seti","status":"publish","type":"product","link":"https:\/\/swanfeat.com\/tr\/urun\/parca-makyaj-firca-11-seti\/","title":{"rendered":"Par\u00e7a Makyaj F\u0131r\u00e7a (11 Seti)"},"content":{"rendered":"","protected":false},"excerpt":{"rendered":"<p style=\"direction: ltr; text-align: justify;\">Ergonomik tasar\u0131ma sahip, basit ve profesyonel makyajlara uygun, en m\u00fckemmel 11 adet makyaj f\u0131r\u00e7as\u0131ndan olu\u015fan set.<br \/>\n<strong>11 Pcs<\/strong><\/p>\n<div id=\"gtx-trans\" style=\"position: absolute; left: 1565px; top: 31.3333px;\">\n<div class=\"gtx-trans-icon\"><\/div>\n<\/div>\n","protected":false},"featured_media":2308,"comment_status":"open","ping_status":"closed","template":"","meta":[],"product_brand":[],"product_cat":[96],"product_tag":[],"class_list":{"0":"post-2150","1":"product","2":"type-product","3":"status-publish","4":"has-post-thumbnail","6":"product_cat-kisisel-bakim","8":"first","9":"instock","10":"taxable","11":"shipping-taxable","12":"purchasable","13":"product-type-simple"},"yoast_head":"<!-- This site is optimized with the Yoast SEO Premium plugin v23.1 (Yoast SEO v24.3) - https:\/\/yoast.com\/wordpress\/plugins\/seo\/ -->\n<title>Par\u00e7a Makyaj F\u0131r\u00e7a (11 Seti) - swanfeat<\/title>\n<meta name=\"robots\" content=\"index, follow, max-snippet:-1, max-image-preview:large, max-video-preview:-1\" \/>\n<link rel=\"canonical\" href=\"https:\/\/swanfeat.com\/tr\/urun\/parca-makyaj-firca-11-seti\/\" \/>\n<meta property=\"og:locale\" content=\"tr_TR\" \/>\n<meta property=\"og:type\" content=\"article\" \/>\n<meta property=\"og:title\" content=\"Par\u00e7a Makyaj F\u0131r\u00e7a (11 Seti)\" \/>\n<meta property=\"og:description\" content=\"Ergonomik tasar\u0131ma sahip, basit ve profesyonel makyajlara uygun, en m\u00fckemmel 11 adet makyaj f\u0131r\u00e7as\u0131ndan olu\u015fan set. 11 Pcs\" \/>\n<meta property=\"og:url\" content=\"https:\/\/swanfeat.com\/tr\/urun\/parca-makyaj-firca-11-seti\/\" \/>\n<meta property=\"og:site_name\" content=\"swanfeat\" \/>\n<meta property=\"article:modified_time\" content=\"2024-07-27T12:56:28+00:00\" \/>\n<meta property=\"og:image\" content=\"https:\/\/swanfeat.com\/wp-content\/uploads\/2024\/07\/Swanfeat-Makeup-brushes.png\" \/>\n\t<meta property=\"og:image:width\" content=\"1200\" \/>\n\t<meta property=\"og:image:height\" content=\"1800\" \/>\n\t<meta property=\"og:image:type\" content=\"image\/png\" \/>\n<meta name=\"twitter:card\" content=\"summary_large_image\" \/>\n<script type=\"application\/ld+json\" class=\"yoast-schema-graph\">{\"@context\":\"https:\/\/schema.org\",\"@graph\":[{\"@type\":\"WebPage\",\"@id\":\"https:\/\/swanfeat.com\/tr\/urun\/parca-makyaj-firca-11-seti\/\",\"url\":\"https:\/\/swanfeat.com\/tr\/urun\/parca-makyaj-firca-11-seti\/\",\"name\":\"Par\u00e7a Makyaj F\u0131r\u00e7a (11 Seti) - swanfeat\",\"isPartOf\":{\"@id\":\"https:\/\/swanfeat.com\/en\/#website\"},\"primaryImageOfPage\":{\"@id\":\"https:\/\/swanfeat.com\/tr\/urun\/parca-makyaj-firca-11-seti\/#primaryimage\"},\"image\":{\"@id\":\"https:\/\/swanfeat.com\/tr\/urun\/parca-makyaj-firca-11-seti\/#primaryimage\"},\"thumbnailUrl\":\"https:\/\/swanfeat.com\/wp-content\/uploads\/2024\/07\/Swanfeat-Makeup-brushes.png\",\"datePublished\":\"2024-07-27T08:46:00+00:00\",\"dateModified\":\"2024-07-27T12:56:28+00:00\",\"breadcrumb\":{\"@id\":\"https:\/\/swanfeat.com\/tr\/urun\/parca-makyaj-firca-11-seti\/#breadcrumb\"},\"inLanguage\":\"tr\",\"potentialAction\":[{\"@type\":\"ReadAction\",\"target\":[\"https:\/\/swanfeat.com\/tr\/urun\/parca-makyaj-firca-11-seti\/\"]}]},{\"@type\":\"ImageObject\",\"inLanguage\":\"tr\",\"@id\":\"https:\/\/swanfeat.com\/tr\/urun\/parca-makyaj-firca-11-seti\/#primaryimage\",\"url\":\"https:\/\/swanfeat.com\/wp-content\/uploads\/2024\/07\/Swanfeat-Makeup-brushes.png\",\"contentUrl\":\"https:\/\/swanfeat.com\/wp-content\/uploads\/2024\/07\/Swanfeat-Makeup-brushes.png\",\"width\":1200,\"height\":1800},{\"@type\":\"BreadcrumbList\",\"@id\":\"https:\/\/swanfeat.com\/tr\/urun\/parca-makyaj-firca-11-seti\/#breadcrumb\",\"itemListElement\":[{\"@type\":\"ListItem\",\"position\":1,\"name\":\"Home\",\"item\":\"https:\/\/swanfeat.com\/tr\/\"},{\"@type\":\"ListItem\",\"position\":2,\"name\":\"Ma\u011faza\",\"item\":\"https:\/\/swanfeat.com\/tr\/magaza\/\"},{\"@type\":\"ListItem\",\"position\":3,\"name\":\"Par\u00e7a Makyaj F\u0131r\u00e7a (11 Seti)\"}]},{\"@type\":\"WebSite\",\"@id\":\"https:\/\/swanfeat.com\/en\/#website\",\"url\":\"https:\/\/swanfeat.com\/en\/\",\"name\":\"swanfeat\",\"description\":\"Cosmetic Product\",\"publisher\":{\"@id\":\"https:\/\/swanfeat.com\/en\/#organization\"},\"potentialAction\":[{\"@type\":\"SearchAction\",\"target\":{\"@type\":\"EntryPoint\",\"urlTemplate\":\"https:\/\/swanfeat.com\/en\/?s={search_term_string}\"},\"query-input\":{\"@type\":\"PropertyValueSpecification\",\"valueRequired\":true,\"valueName\":\"search_term_string\"}}],\"inLanguage\":\"tr\"},{\"@type\":\"Organization\",\"@id\":\"https:\/\/swanfeat.com\/en\/#organization\",\"name\":\"swanfeat\",\"url\":\"https:\/\/swanfeat.com\/en\/\",\"logo\":{\"@type\":\"ImageObject\",\"inLanguage\":\"tr\",\"@id\":\"https:\/\/swanfeat.com\/en\/#\/schema\/logo\/image\/\",\"url\":\"https:\/\/swanfeat.com\/en\/\/wp-content\/uploads\/2024\/07\/swanfeat-logo-black-1.png\",\"contentUrl\":\"https:\/\/swanfeat.com\/en\/\/wp-content\/uploads\/2024\/07\/swanfeat-logo-black-1.png\",\"width\":600,\"height\":600,\"caption\":\"swanfeat\"},\"image\":{\"@id\":\"https:\/\/swanfeat.com\/en\/#\/schema\/logo\/image\/\"}}]}<\/script>\n<!-- \/ Yoast SEO Premium plugin. -->","yoast_head_json":{"title":"Par\u00e7a Makyaj F\u0131r\u00e7a (11 Seti) - swanfeat","robots":{"index":"index","follow":"follow","max-snippet":"max-snippet:-1","max-image-preview":"max-image-preview:large","max-video-preview":"max-video-preview:-1"},"canonical":"https:\/\/swanfeat.com\/tr\/urun\/parca-makyaj-firca-11-seti\/","og_locale":"tr_TR","og_type":"article","og_title":"Par\u00e7a Makyaj F\u0131r\u00e7a (11 Seti)","og_description":"Ergonomik tasar\u0131ma sahip, basit ve profesyonel makyajlara uygun, en m\u00fckemmel 11 adet makyaj f\u0131r\u00e7as\u0131ndan olu\u015fan set. 11 Pcs","og_url":"https:\/\/swanfeat.com\/tr\/urun\/parca-makyaj-firca-11-seti\/","og_site_name":"swanfeat","article_modified_time":"2024-07-27T12:56:28+00:00","og_image":[{"width":1200,"height":1800,"url":"https:\/\/swanfeat.com\/wp-content\/uploads\/2024\/07\/Swanfeat-Makeup-brushes.png","type":"image\/png"}],"twitter_card":"summary_large_image","schema":{"@context":"https:\/\/schema.org","@graph":[{"@type":"WebPage","@id":"https:\/\/swanfeat.com\/tr\/urun\/parca-makyaj-firca-11-seti\/","url":"https:\/\/swanfeat.com\/tr\/urun\/parca-makyaj-firca-11-seti\/","name":"Par\u00e7a Makyaj F\u0131r\u00e7a (11 Seti) - swanfeat","isPartOf":{"@id":"https:\/\/swanfeat.com\/en\/#website"},"primaryImageOfPage":{"@id":"https:\/\/swanfeat.com\/tr\/urun\/parca-makyaj-firca-11-seti\/#primaryimage"},"image":{"@id":"https:\/\/swanfeat.com\/tr\/urun\/parca-makyaj-firca-11-seti\/#primaryimage"},"thumbnailUrl":"https:\/\/swanfeat.com\/wp-content\/uploads\/2024\/07\/Swanfeat-Makeup-brushes.png","datePublished":"2024-07-27T08:46:00+00:00","dateModified":"2024-07-27T12:56:28+00:00","breadcrumb":{"@id":"https:\/\/swanfeat.com\/tr\/urun\/parca-makyaj-firca-11-seti\/#breadcrumb"},"inLanguage":"tr","potentialAction":[{"@type":"ReadAction","target":["https:\/\/swanfeat.com\/tr\/urun\/parca-makyaj-firca-11-seti\/"]}]},{"@type":"ImageObject","inLanguage":"tr","@id":"https:\/\/swanfeat.com\/tr\/urun\/parca-makyaj-firca-11-seti\/#primaryimage","url":"https:\/\/swanfeat.com\/wp-content\/uploads\/2024\/07\/Swanfeat-Makeup-brushes.png","contentUrl":"https:\/\/swanfeat.com\/wp-content\/uploads\/2024\/07\/Swanfeat-Makeup-brushes.png","width":1200,"height":1800},{"@type":"BreadcrumbList","@id":"https:\/\/swanfeat.com\/tr\/urun\/parca-makyaj-firca-11-seti\/#breadcrumb","itemListElement":[{"@type":"ListItem","position":1,"name":"Home","item":"https:\/\/swanfeat.com\/tr\/"},{"@type":"ListItem","position":2,"name":"Ma\u011faza","item":"https:\/\/swanfeat.com\/tr\/magaza\/"},{"@type":"ListItem","position":3,"name":"Par\u00e7a Makyaj F\u0131r\u00e7a (11 Seti)"}]},{"@type":"WebSite","@id":"https:\/\/swanfeat.com\/en\/#website","url":"https:\/\/swanfeat.com\/en\/","name":"swanfeat","description":"Cosmetic Product","publisher":{"@id":"https:\/\/swanfeat.com\/en\/#organization"},"potentialAction":[{"@type":"SearchAction","target":{"@type":"EntryPoint","urlTemplate":"https:\/\/swanfeat.com\/en\/?s={search_term_string}"},"query-input":{"@type":"PropertyValueSpecification","valueRequired":true,"valueName":"search_term_string"}}],"inLanguage":"tr"},{"@type":"Organization","@id":"https:\/\/swanfeat.com\/en\/#organization","name":"swanfeat","url":"https:\/\/swanfeat.com\/en\/","logo":{"@type":"ImageObject","inLanguage":"tr","@id":"https:\/\/swanfeat.com\/en\/#\/schema\/logo\/image\/","url":"https:\/\/swanfeat.com\/en\/\/wp-content\/uploads\/2024\/07\/swanfeat-logo-black-1.png","contentUrl":"https:\/\/swanfeat.com\/en\/\/wp-content\/uploads\/2024\/07\/swanfeat-logo-black-1.png","width":600,"height":600,"caption":"swanfeat"},"image":{"@id":"https:\/\/swanfeat.com\/en\/#\/schema\/logo\/image\/"}}]}},"_links":{"self":[{"href":"https:\/\/swanfeat.com\/tr\/wp-json\/wp\/v2\/product\/2150","targetHints":{"allow":["GET"]}}],"collection":[{"href":"https:\/\/swanfeat.com\/tr\/wp-json\/wp\/v2\/product"}],"about":[{"href":"https:\/\/swanfeat.com\/tr\/wp-json\/wp\/v2\/types\/product"}],"replies":[{"embeddable":true,"href":"https:\/\/swanfeat.com\/tr\/wp-json\/wp\/v2\/comments?post=2150"}],"wp:featuredmedia":[{"embeddable":true,"href":"https:\/\/swanfeat.com\/tr\/wp-json\/wp\/v2\/media\/2308"}],"wp:attachment":[{"href":"https:\/\/swanfeat.com\/tr\/wp-json\/wp\/v2\/media?parent=2150"}],"wp:term":[{"taxonomy":"product_brand","embeddable":true,"href":"https:\/\/swanfeat.com\/tr\/wp-json\/wp\/v2\/product_brand?post=2150"},{"taxonomy":"product_cat","embeddable":true,"href":"https:\/\/swanfeat.com\/tr\/wp-json\/wp\/v2\/product_cat?post=2150"},{"taxonomy":"product_tag","embeddable":true,"href":"https:\/\/swanfeat.com\/tr\/wp-json\/wp\/v2\/product_tag?post=2150"}],"curies":[{"name":"wp","href":"https:\/\/api.w.org\/{rel}","templated":true}]}}