{"id":2145,"date":"2024-01-07T21:25:45","date_gmt":"2024-01-07T18:25:45","guid":{"rendered":"https:\/\/swanfeat.com\/en\/\/product\/lips-water-tint\/"},"modified":"2024-07-27T15:31:58","modified_gmt":"2024-07-27T12:31:58","slug":"tint-likit-allik-ve-ruj","status":"publish","type":"product","link":"https:\/\/swanfeat.com\/tr\/urun\/tint-likit-allik-ve-ruj\/","title":{"rendered":"Tint Likit All\u0131k ve Ruj"},"content":{"rendered":"","protected":false},"excerpt":{"rendered":"<p style=\"direction: ltr; text-align: justify;\">Hafif dokulu, dudaklarda a\u011f\u0131rl\u0131k ve yap\u0131\u015fkanl\u0131k hissi b\u0131rakmayan, dayan\u0131kl\u0131 ve y\u00fcksek emicili\u011fe sahip, su bazl\u0131.<br \/>\n<strong>10ML<\/strong><\/p>\n<div id=\"gtx-trans\" style=\"position: absolute; left: 1279px; top: -14.3333px;\">\n<div class=\"gtx-trans-icon\"><\/div>\n<\/div>\n","protected":false},"featured_media":3026,"comment_status":"open","ping_status":"closed","template":"","meta":[],"product_brand":[],"product_cat":[79],"product_tag":[],"class_list":{"0":"post-2145","1":"product","2":"type-product","3":"status-publish","4":"has-post-thumbnail","6":"product_cat-kozmetik","7":"pa_color-bordo","8":"pa_color-kirmizi","9":"pa_color-pembe","11":"first","12":"outofstock","13":"taxable","14":"shipping-taxable","15":"purchasable","16":"product-type-variable"},"yoast_head":"<!-- This site is optimized with the Yoast SEO Premium plugin v23.1 (Yoast SEO v24.3) - https:\/\/yoast.com\/wordpress\/plugins\/seo\/ -->\n<title>Tint Likit All\u0131k ve Ruj - swanfeat<\/title>\n<meta name=\"robots\" content=\"index, follow, max-snippet:-1, max-image-preview:large, max-video-preview:-1\" \/>\n<link rel=\"canonical\" href=\"https:\/\/swanfeat.com\/en\/urun\/lips-water-tint\/\" \/>\n<meta property=\"og:locale\" content=\"tr_TR\" \/>\n<meta property=\"og:type\" content=\"article\" \/>\n<meta property=\"og:title\" content=\"Tint Likit All\u0131k ve Ruj\" \/>\n<meta property=\"og:description\" content=\"Hafif dokulu, dudaklarda a\u011f\u0131rl\u0131k ve yap\u0131\u015fkanl\u0131k hissi b\u0131rakmayan, dayan\u0131kl\u0131 ve y\u00fcksek emicili\u011fe sahip, su bazl\u0131. 10ML\" \/>\n<meta property=\"og:url\" content=\"https:\/\/swanfeat.com\/en\/urun\/lips-water-tint\/\" \/>\n<meta property=\"og:site_name\" content=\"swanfeat\" \/>\n<meta property=\"article:modified_time\" content=\"2024-07-27T12:31:58+00:00\" \/>\n<meta property=\"og:image\" content=\"https:\/\/swanfeat.com\/wp-content\/uploads\/2024\/01\/Swanfeat-Tint-Raspberry-1.gif\" \/>\n\t<meta property=\"og:image:width\" content=\"570\" \/>\n\t<meta property=\"og:image:height\" content=\"770\" \/>\n\t<meta property=\"og:image:type\" content=\"image\/gif\" \/>\n<meta name=\"twitter:card\" content=\"summary_large_image\" \/>\n<script type=\"application\/ld+json\" class=\"yoast-schema-graph\">{\"@context\":\"https:\/\/schema.org\",\"@graph\":[{\"@type\":\"WebPage\",\"@id\":\"https:\/\/swanfeat.com\/en\/urun\/lips-water-tint\/\",\"url\":\"https:\/\/swanfeat.com\/en\/urun\/lips-water-tint\/\",\"name\":\"Tint Likit All\u0131k ve Ruj - swanfeat\",\"isPartOf\":{\"@id\":\"https:\/\/swanfeat.com\/en\/#website\"},\"primaryImageOfPage\":{\"@id\":\"https:\/\/swanfeat.com\/en\/urun\/lips-water-tint\/#primaryimage\"},\"image\":{\"@id\":\"https:\/\/swanfeat.com\/en\/urun\/lips-water-tint\/#primaryimage\"},\"thumbnailUrl\":\"https:\/\/swanfeat.com\/wp-content\/uploads\/2024\/01\/Swanfeat-Tint-Raspberry-1.gif\",\"datePublished\":\"2024-01-07T18:25:45+00:00\",\"dateModified\":\"2024-07-27T12:31:58+00:00\",\"breadcrumb\":{\"@id\":\"https:\/\/swanfeat.com\/en\/urun\/lips-water-tint\/#breadcrumb\"},\"inLanguage\":\"tr\",\"potentialAction\":[{\"@type\":\"ReadAction\",\"target\":[\"https:\/\/swanfeat.com\/en\/urun\/lips-water-tint\/\"]}]},{\"@type\":\"ImageObject\",\"inLanguage\":\"tr\",\"@id\":\"https:\/\/swanfeat.com\/en\/urun\/lips-water-tint\/#primaryimage\",\"url\":\"https:\/\/swanfeat.com\/wp-content\/uploads\/2024\/01\/Swanfeat-Tint-Raspberry-1.gif\",\"contentUrl\":\"https:\/\/swanfeat.com\/wp-content\/uploads\/2024\/01\/Swanfeat-Tint-Raspberry-1.gif\",\"width\":570,\"height\":770},{\"@type\":\"BreadcrumbList\",\"@id\":\"https:\/\/swanfeat.com\/en\/urun\/lips-water-tint\/#breadcrumb\",\"itemListElement\":[{\"@type\":\"ListItem\",\"position\":1,\"name\":\"Home\",\"item\":\"https:\/\/swanfeat.com\/tr\/\"},{\"@type\":\"ListItem\",\"position\":2,\"name\":\"Ma\u011faza\",\"item\":\"https:\/\/swanfeat.com\/tr\/magaza\/\"},{\"@type\":\"ListItem\",\"position\":3,\"name\":\"Tint Likit All\u0131k ve Ruj\"}]},{\"@type\":\"WebSite\",\"@id\":\"https:\/\/swanfeat.com\/en\/#website\",\"url\":\"https:\/\/swanfeat.com\/en\/\",\"name\":\"swanfeat\",\"description\":\"Cosmetic Product\",\"publisher\":{\"@id\":\"https:\/\/swanfeat.com\/en\/#organization\"},\"potentialAction\":[{\"@type\":\"SearchAction\",\"target\":{\"@type\":\"EntryPoint\",\"urlTemplate\":\"https:\/\/swanfeat.com\/en\/?s={search_term_string}\"},\"query-input\":{\"@type\":\"PropertyValueSpecification\",\"valueRequired\":true,\"valueName\":\"search_term_string\"}}],\"inLanguage\":\"tr\"},{\"@type\":\"Organization\",\"@id\":\"https:\/\/swanfeat.com\/en\/#organization\",\"name\":\"swanfeat\",\"url\":\"https:\/\/swanfeat.com\/en\/\",\"logo\":{\"@type\":\"ImageObject\",\"inLanguage\":\"tr\",\"@id\":\"https:\/\/swanfeat.com\/en\/#\/schema\/logo\/image\/\",\"url\":\"https:\/\/swanfeat.com\/en\/\/wp-content\/uploads\/2024\/07\/swanfeat-logo-black-1.png\",\"contentUrl\":\"https:\/\/swanfeat.com\/en\/\/wp-content\/uploads\/2024\/07\/swanfeat-logo-black-1.png\",\"width\":600,\"height\":600,\"caption\":\"swanfeat\"},\"image\":{\"@id\":\"https:\/\/swanfeat.com\/en\/#\/schema\/logo\/image\/\"}}]}<\/script>\n<!-- \/ Yoast SEO Premium plugin. -->","yoast_head_json":{"title":"Tint Likit All\u0131k ve Ruj - swanfeat","robots":{"index":"index","follow":"follow","max-snippet":"max-snippet:-1","max-image-preview":"max-image-preview:large","max-video-preview":"max-video-preview:-1"},"canonical":"https:\/\/swanfeat.com\/en\/urun\/lips-water-tint\/","og_locale":"tr_TR","og_type":"article","og_title":"Tint Likit All\u0131k ve Ruj","og_description":"Hafif dokulu, dudaklarda a\u011f\u0131rl\u0131k ve yap\u0131\u015fkanl\u0131k hissi b\u0131rakmayan, dayan\u0131kl\u0131 ve y\u00fcksek emicili\u011fe sahip, su bazl\u0131. 10ML","og_url":"https:\/\/swanfeat.com\/en\/urun\/lips-water-tint\/","og_site_name":"swanfeat","article_modified_time":"2024-07-27T12:31:58+00:00","og_image":[{"width":570,"height":770,"url":"https:\/\/swanfeat.com\/wp-content\/uploads\/2024\/01\/Swanfeat-Tint-Raspberry-1.gif","type":"image\/gif"}],"twitter_card":"summary_large_image","schema":{"@context":"https:\/\/schema.org","@graph":[{"@type":"WebPage","@id":"https:\/\/swanfeat.com\/en\/urun\/lips-water-tint\/","url":"https:\/\/swanfeat.com\/en\/urun\/lips-water-tint\/","name":"Tint Likit All\u0131k ve Ruj - swanfeat","isPartOf":{"@id":"https:\/\/swanfeat.com\/en\/#website"},"primaryImageOfPage":{"@id":"https:\/\/swanfeat.com\/en\/urun\/lips-water-tint\/#primaryimage"},"image":{"@id":"https:\/\/swanfeat.com\/en\/urun\/lips-water-tint\/#primaryimage"},"thumbnailUrl":"https:\/\/swanfeat.com\/wp-content\/uploads\/2024\/01\/Swanfeat-Tint-Raspberry-1.gif","datePublished":"2024-01-07T18:25:45+00:00","dateModified":"2024-07-27T12:31:58+00:00","breadcrumb":{"@id":"https:\/\/swanfeat.com\/en\/urun\/lips-water-tint\/#breadcrumb"},"inLanguage":"tr","potentialAction":[{"@type":"ReadAction","target":["https:\/\/swanfeat.com\/en\/urun\/lips-water-tint\/"]}]},{"@type":"ImageObject","inLanguage":"tr","@id":"https:\/\/swanfeat.com\/en\/urun\/lips-water-tint\/#primaryimage","url":"https:\/\/swanfeat.com\/wp-content\/uploads\/2024\/01\/Swanfeat-Tint-Raspberry-1.gif","contentUrl":"https:\/\/swanfeat.com\/wp-content\/uploads\/2024\/01\/Swanfeat-Tint-Raspberry-1.gif","width":570,"height":770},{"@type":"BreadcrumbList","@id":"https:\/\/swanfeat.com\/en\/urun\/lips-water-tint\/#breadcrumb","itemListElement":[{"@type":"ListItem","position":1,"name":"Home","item":"https:\/\/swanfeat.com\/tr\/"},{"@type":"ListItem","position":2,"name":"Ma\u011faza","item":"https:\/\/swanfeat.com\/tr\/magaza\/"},{"@type":"ListItem","position":3,"name":"Tint Likit All\u0131k ve Ruj"}]},{"@type":"WebSite","@id":"https:\/\/swanfeat.com\/en\/#website","url":"https:\/\/swanfeat.com\/en\/","name":"swanfeat","description":"Cosmetic Product","publisher":{"@id":"https:\/\/swanfeat.com\/en\/#organization"},"potentialAction":[{"@type":"SearchAction","target":{"@type":"EntryPoint","urlTemplate":"https:\/\/swanfeat.com\/en\/?s={search_term_string}"},"query-input":{"@type":"PropertyValueSpecification","valueRequired":true,"valueName":"search_term_string"}}],"inLanguage":"tr"},{"@type":"Organization","@id":"https:\/\/swanfeat.com\/en\/#organization","name":"swanfeat","url":"https:\/\/swanfeat.com\/en\/","logo":{"@type":"ImageObject","inLanguage":"tr","@id":"https:\/\/swanfeat.com\/en\/#\/schema\/logo\/image\/","url":"https:\/\/swanfeat.com\/en\/\/wp-content\/uploads\/2024\/07\/swanfeat-logo-black-1.png","contentUrl":"https:\/\/swanfeat.com\/en\/\/wp-content\/uploads\/2024\/07\/swanfeat-logo-black-1.png","width":600,"height":600,"caption":"swanfeat"},"image":{"@id":"https:\/\/swanfeat.com\/en\/#\/schema\/logo\/image\/"}}]}},"_links":{"self":[{"href":"https:\/\/swanfeat.com\/tr\/wp-json\/wp\/v2\/product\/2145","targetHints":{"allow":["GET"]}}],"collection":[{"href":"https:\/\/swanfeat.com\/tr\/wp-json\/wp\/v2\/product"}],"about":[{"href":"https:\/\/swanfeat.com\/tr\/wp-json\/wp\/v2\/types\/product"}],"replies":[{"embeddable":true,"href":"https:\/\/swanfeat.com\/tr\/wp-json\/wp\/v2\/comments?post=2145"}],"wp:featuredmedia":[{"embeddable":true,"href":"https:\/\/swanfeat.com\/tr\/wp-json\/wp\/v2\/media\/3026"}],"wp:attachment":[{"href":"https:\/\/swanfeat.com\/tr\/wp-json\/wp\/v2\/media?parent=2145"}],"wp:term":[{"taxonomy":"product_brand","embeddable":true,"href":"https:\/\/swanfeat.com\/tr\/wp-json\/wp\/v2\/product_brand?post=2145"},{"taxonomy":"product_cat","embeddable":true,"href":"https:\/\/swanfeat.com\/tr\/wp-json\/wp\/v2\/product_cat?post=2145"},{"taxonomy":"product_tag","embeddable":true,"href":"https:\/\/swanfeat.com\/tr\/wp-json\/wp\/v2\/product_tag?post=2145"}],"curies":[{"name":"wp","href":"https:\/\/api.w.org\/{rel}","templated":true}]}}