{"id":2144,"date":"2024-06-26T12:57:07","date_gmt":"2024-06-26T09:57:07","guid":{"rendered":"https:\/\/swanfeat.com\/en\/\/product\/bamboo-toothbrush\/"},"modified":"2024-09-01T12:48:43","modified_gmt":"2024-09-01T09:48:43","slug":"bambu-dis-fircasi","status":"publish","type":"product","link":"https:\/\/swanfeat.com\/tr\/urun\/bambu-dis-fircasi\/","title":{"rendered":"Bambu Di\u015f F\u0131r\u00e7as\u0131"},"content":{"rendered":"","protected":false},"excerpt":{"rendered":"<p style=\"direction: ltr; text-align: justify;\">Antibakteriyel, Hipoalerjenik, bitkisel, Yumu\u015fak k\u0131ll\u0131, Di\u015f etlerini tahri\u015fi etmez ve di\u015f minesine zarar vermez, \u00c7evrenin korunmas\u0131na yard\u0131mc\u0131 olur.<\/p>\n<div id=\"gtx-trans\" style=\"position: absolute; left: 1705px; top: 57.4271px;\">\n<div class=\"gtx-trans-icon\"><\/div>\n<\/div>\n","protected":false},"featured_media":1673,"comment_status":"open","ping_status":"closed","template":"","meta":[],"product_brand":[],"product_cat":[96],"product_tag":[],"class_list":{"0":"post-2144","1":"product","2":"type-product","3":"status-publish","4":"has-post-thumbnail","6":"product_cat-kisisel-bakim","8":"first","9":"instock","10":"taxable","11":"shipping-taxable","12":"purchasable","13":"product-type-simple"},"yoast_head":"<!-- This site is optimized with the Yoast SEO Premium plugin v23.1 (Yoast SEO v24.3) - https:\/\/yoast.com\/wordpress\/plugins\/seo\/ -->\n<title>Bambu Di\u015f F\u0131r\u00e7as\u0131 - swanfeat<\/title>\n<meta name=\"robots\" content=\"index, follow, max-snippet:-1, max-image-preview:large, max-video-preview:-1\" \/>\n<link rel=\"canonical\" href=\"https:\/\/swanfeat.com\/en\/urun\/bamboo-toothbrush\/\" \/>\n<meta property=\"og:locale\" content=\"tr_TR\" \/>\n<meta property=\"og:type\" content=\"article\" \/>\n<meta property=\"og:title\" content=\"Bambu Di\u015f F\u0131r\u00e7as\u0131\" \/>\n<meta property=\"og:description\" content=\"Antibakteriyel, Hipoalerjenik, bitkisel, Yumu\u015fak k\u0131ll\u0131, Di\u015f etlerini tahri\u015fi etmez ve di\u015f minesine zarar vermez, \u00c7evrenin korunmas\u0131na yard\u0131mc\u0131 olur.\" \/>\n<meta property=\"og:url\" content=\"https:\/\/swanfeat.com\/en\/urun\/bamboo-toothbrush\/\" \/>\n<meta property=\"og:site_name\" content=\"swanfeat\" \/>\n<meta property=\"article:modified_time\" content=\"2024-09-01T09:48:43+00:00\" \/>\n<meta property=\"og:image\" content=\"https:\/\/swanfeat.com\/wp-content\/uploads\/2024\/06\/Swanfeat-Toothbrush-Black.gif\" \/>\n\t<meta property=\"og:image:width\" content=\"570\" \/>\n\t<meta property=\"og:image:height\" content=\"770\" \/>\n\t<meta property=\"og:image:type\" content=\"image\/gif\" \/>\n<meta name=\"twitter:card\" content=\"summary_large_image\" \/>\n<meta name=\"twitter:label1\" content=\"Tahmini okuma s\u00fcresi\" \/>\n\t<meta name=\"twitter:data1\" content=\"1 dakika\" \/>\n<script type=\"application\/ld+json\" class=\"yoast-schema-graph\">{\"@context\":\"https:\/\/schema.org\",\"@graph\":[{\"@type\":\"WebPage\",\"@id\":\"https:\/\/swanfeat.com\/en\/urun\/bamboo-toothbrush\/\",\"url\":\"https:\/\/swanfeat.com\/en\/urun\/bamboo-toothbrush\/\",\"name\":\"Bambu Di\u015f F\u0131r\u00e7as\u0131 - swanfeat\",\"isPartOf\":{\"@id\":\"https:\/\/swanfeat.com\/en\/#website\"},\"primaryImageOfPage\":{\"@id\":\"https:\/\/swanfeat.com\/en\/urun\/bamboo-toothbrush\/#primaryimage\"},\"image\":{\"@id\":\"https:\/\/swanfeat.com\/en\/urun\/bamboo-toothbrush\/#primaryimage\"},\"thumbnailUrl\":\"https:\/\/swanfeat.com\/wp-content\/uploads\/2024\/06\/Swanfeat-Toothbrush-Black.gif\",\"datePublished\":\"2024-06-26T09:57:07+00:00\",\"dateModified\":\"2024-09-01T09:48:43+00:00\",\"breadcrumb\":{\"@id\":\"https:\/\/swanfeat.com\/en\/urun\/bamboo-toothbrush\/#breadcrumb\"},\"inLanguage\":\"tr\",\"potentialAction\":[{\"@type\":\"ReadAction\",\"target\":[\"https:\/\/swanfeat.com\/en\/urun\/bamboo-toothbrush\/\"]}]},{\"@type\":\"ImageObject\",\"inLanguage\":\"tr\",\"@id\":\"https:\/\/swanfeat.com\/en\/urun\/bamboo-toothbrush\/#primaryimage\",\"url\":\"https:\/\/swanfeat.com\/wp-content\/uploads\/2024\/06\/Swanfeat-Toothbrush-Black.gif\",\"contentUrl\":\"https:\/\/swanfeat.com\/wp-content\/uploads\/2024\/06\/Swanfeat-Toothbrush-Black.gif\",\"width\":570,\"height\":770},{\"@type\":\"BreadcrumbList\",\"@id\":\"https:\/\/swanfeat.com\/en\/urun\/bamboo-toothbrush\/#breadcrumb\",\"itemListElement\":[{\"@type\":\"ListItem\",\"position\":1,\"name\":\"Home\",\"item\":\"https:\/\/swanfeat.com\/tr\/\"},{\"@type\":\"ListItem\",\"position\":2,\"name\":\"Ma\u011faza\",\"item\":\"https:\/\/swanfeat.com\/tr\/magaza\/\"},{\"@type\":\"ListItem\",\"position\":3,\"name\":\"Bambu Di\u015f F\u0131r\u00e7as\u0131\"}]},{\"@type\":\"WebSite\",\"@id\":\"https:\/\/swanfeat.com\/en\/#website\",\"url\":\"https:\/\/swanfeat.com\/en\/\",\"name\":\"swanfeat\",\"description\":\"Cosmetic Product\",\"publisher\":{\"@id\":\"https:\/\/swanfeat.com\/en\/#organization\"},\"potentialAction\":[{\"@type\":\"SearchAction\",\"target\":{\"@type\":\"EntryPoint\",\"urlTemplate\":\"https:\/\/swanfeat.com\/en\/?s={search_term_string}\"},\"query-input\":{\"@type\":\"PropertyValueSpecification\",\"valueRequired\":true,\"valueName\":\"search_term_string\"}}],\"inLanguage\":\"tr\"},{\"@type\":\"Organization\",\"@id\":\"https:\/\/swanfeat.com\/en\/#organization\",\"name\":\"swanfeat\",\"url\":\"https:\/\/swanfeat.com\/en\/\",\"logo\":{\"@type\":\"ImageObject\",\"inLanguage\":\"tr\",\"@id\":\"https:\/\/swanfeat.com\/en\/#\/schema\/logo\/image\/\",\"url\":\"https:\/\/swanfeat.com\/en\/\/wp-content\/uploads\/2024\/07\/swanfeat-logo-black-1.png\",\"contentUrl\":\"https:\/\/swanfeat.com\/en\/\/wp-content\/uploads\/2024\/07\/swanfeat-logo-black-1.png\",\"width\":600,\"height\":600,\"caption\":\"swanfeat\"},\"image\":{\"@id\":\"https:\/\/swanfeat.com\/en\/#\/schema\/logo\/image\/\"}}]}<\/script>\n<!-- \/ Yoast SEO Premium plugin. -->","yoast_head_json":{"title":"Bambu Di\u015f F\u0131r\u00e7as\u0131 - swanfeat","robots":{"index":"index","follow":"follow","max-snippet":"max-snippet:-1","max-image-preview":"max-image-preview:large","max-video-preview":"max-video-preview:-1"},"canonical":"https:\/\/swanfeat.com\/en\/urun\/bamboo-toothbrush\/","og_locale":"tr_TR","og_type":"article","og_title":"Bambu Di\u015f F\u0131r\u00e7as\u0131","og_description":"Antibakteriyel, Hipoalerjenik, bitkisel, Yumu\u015fak k\u0131ll\u0131, Di\u015f etlerini tahri\u015fi etmez ve di\u015f minesine zarar vermez, \u00c7evrenin korunmas\u0131na yard\u0131mc\u0131 olur.","og_url":"https:\/\/swanfeat.com\/en\/urun\/bamboo-toothbrush\/","og_site_name":"swanfeat","article_modified_time":"2024-09-01T09:48:43+00:00","og_image":[{"width":570,"height":770,"url":"https:\/\/swanfeat.com\/wp-content\/uploads\/2024\/06\/Swanfeat-Toothbrush-Black.gif","type":"image\/gif"}],"twitter_card":"summary_large_image","twitter_misc":{"Tahmini okuma s\u00fcresi":"1 dakika"},"schema":{"@context":"https:\/\/schema.org","@graph":[{"@type":"WebPage","@id":"https:\/\/swanfeat.com\/en\/urun\/bamboo-toothbrush\/","url":"https:\/\/swanfeat.com\/en\/urun\/bamboo-toothbrush\/","name":"Bambu Di\u015f F\u0131r\u00e7as\u0131 - swanfeat","isPartOf":{"@id":"https:\/\/swanfeat.com\/en\/#website"},"primaryImageOfPage":{"@id":"https:\/\/swanfeat.com\/en\/urun\/bamboo-toothbrush\/#primaryimage"},"image":{"@id":"https:\/\/swanfeat.com\/en\/urun\/bamboo-toothbrush\/#primaryimage"},"thumbnailUrl":"https:\/\/swanfeat.com\/wp-content\/uploads\/2024\/06\/Swanfeat-Toothbrush-Black.gif","datePublished":"2024-06-26T09:57:07+00:00","dateModified":"2024-09-01T09:48:43+00:00","breadcrumb":{"@id":"https:\/\/swanfeat.com\/en\/urun\/bamboo-toothbrush\/#breadcrumb"},"inLanguage":"tr","potentialAction":[{"@type":"ReadAction","target":["https:\/\/swanfeat.com\/en\/urun\/bamboo-toothbrush\/"]}]},{"@type":"ImageObject","inLanguage":"tr","@id":"https:\/\/swanfeat.com\/en\/urun\/bamboo-toothbrush\/#primaryimage","url":"https:\/\/swanfeat.com\/wp-content\/uploads\/2024\/06\/Swanfeat-Toothbrush-Black.gif","contentUrl":"https:\/\/swanfeat.com\/wp-content\/uploads\/2024\/06\/Swanfeat-Toothbrush-Black.gif","width":570,"height":770},{"@type":"BreadcrumbList","@id":"https:\/\/swanfeat.com\/en\/urun\/bamboo-toothbrush\/#breadcrumb","itemListElement":[{"@type":"ListItem","position":1,"name":"Home","item":"https:\/\/swanfeat.com\/tr\/"},{"@type":"ListItem","position":2,"name":"Ma\u011faza","item":"https:\/\/swanfeat.com\/tr\/magaza\/"},{"@type":"ListItem","position":3,"name":"Bambu Di\u015f F\u0131r\u00e7as\u0131"}]},{"@type":"WebSite","@id":"https:\/\/swanfeat.com\/en\/#website","url":"https:\/\/swanfeat.com\/en\/","name":"swanfeat","description":"Cosmetic Product","publisher":{"@id":"https:\/\/swanfeat.com\/en\/#organization"},"potentialAction":[{"@type":"SearchAction","target":{"@type":"EntryPoint","urlTemplate":"https:\/\/swanfeat.com\/en\/?s={search_term_string}"},"query-input":{"@type":"PropertyValueSpecification","valueRequired":true,"valueName":"search_term_string"}}],"inLanguage":"tr"},{"@type":"Organization","@id":"https:\/\/swanfeat.com\/en\/#organization","name":"swanfeat","url":"https:\/\/swanfeat.com\/en\/","logo":{"@type":"ImageObject","inLanguage":"tr","@id":"https:\/\/swanfeat.com\/en\/#\/schema\/logo\/image\/","url":"https:\/\/swanfeat.com\/en\/\/wp-content\/uploads\/2024\/07\/swanfeat-logo-black-1.png","contentUrl":"https:\/\/swanfeat.com\/en\/\/wp-content\/uploads\/2024\/07\/swanfeat-logo-black-1.png","width":600,"height":600,"caption":"swanfeat"},"image":{"@id":"https:\/\/swanfeat.com\/en\/#\/schema\/logo\/image\/"}}]}},"_links":{"self":[{"href":"https:\/\/swanfeat.com\/tr\/wp-json\/wp\/v2\/product\/2144","targetHints":{"allow":["GET"]}}],"collection":[{"href":"https:\/\/swanfeat.com\/tr\/wp-json\/wp\/v2\/product"}],"about":[{"href":"https:\/\/swanfeat.com\/tr\/wp-json\/wp\/v2\/types\/product"}],"replies":[{"embeddable":true,"href":"https:\/\/swanfeat.com\/tr\/wp-json\/wp\/v2\/comments?post=2144"}],"wp:featuredmedia":[{"embeddable":true,"href":"https:\/\/swanfeat.com\/tr\/wp-json\/wp\/v2\/media\/1673"}],"wp:attachment":[{"href":"https:\/\/swanfeat.com\/tr\/wp-json\/wp\/v2\/media?parent=2144"}],"wp:term":[{"taxonomy":"product_brand","embeddable":true,"href":"https:\/\/swanfeat.com\/tr\/wp-json\/wp\/v2\/product_brand?post=2144"},{"taxonomy":"product_cat","embeddable":true,"href":"https:\/\/swanfeat.com\/tr\/wp-json\/wp\/v2\/product_cat?post=2144"},{"taxonomy":"product_tag","embeddable":true,"href":"https:\/\/swanfeat.com\/tr\/wp-json\/wp\/v2\/product_tag?post=2144"}],"curies":[{"name":"wp","href":"https:\/\/api.w.org\/{rel}","templated":true}]}}