{"id":2143,"date":"2024-07-27T11:54:37","date_gmt":"2024-07-27T08:54:37","guid":{"rendered":"https:\/\/swanfeat.com\/en\/\/product\/facial-cleansing-brush\/"},"modified":"2024-11-04T13:35:52","modified_gmt":"2024-11-04T10:35:52","slug":"yuz-temizleme-fircasi","status":"publish","type":"product","link":"https:\/\/swanfeat.com\/tr\/urun\/yuz-temizleme-fircasi\/","title":{"rendered":"Yuz Temizleme F\u0131r\u00e7as\u0131"},"content":{"rendered":"","protected":false},"excerpt":{"rendered":"<p style=\"direction: ltr; text-align: justify;\">Y\u00fcz temizleme f\u0131r\u00e7as\u0131 g\u00f6zenekleri derinlemesine temizler, sebum ve makyaj kal\u0131nt\u0131lar\u0131n\u0131 giderir. Y\u00fcz cildine do\u011fal olarak masaj yaparak kan dola\u015f\u0131m\u0131n\u0131 art\u0131r\u0131r ve y\u00fcz cildini cilt bak\u0131m \u00fcr\u00fcnlerinin kullan\u0131m\u0131na haz\u0131rlar. Bu f\u0131r\u00e7an\u0131n \u00f6nemli \u00f6zelliklerinden biri de k\u00fc\u00e7\u00fck, hafif ve ta\u015f\u0131mas\u0131 kolay, dayan\u0131kl\u0131 ve pratik olmas\u0131d\u0131r.<\/p>\n","protected":false},"featured_media":2299,"comment_status":"open","ping_status":"closed","template":"","meta":[],"product_brand":[],"product_cat":[96],"product_tag":[],"class_list":{"0":"post-2143","1":"product","2":"type-product","3":"status-publish","4":"has-post-thumbnail","6":"product_cat-kisisel-bakim","8":"first","9":"instock","10":"taxable","11":"shipping-taxable","12":"purchasable","13":"product-type-simple"},"yoast_head":"<!-- This site is optimized with the Yoast SEO Premium plugin v23.1 (Yoast SEO v24.3) - https:\/\/yoast.com\/wordpress\/plugins\/seo\/ -->\n<title>Yuz Temizleme F\u0131r\u00e7as\u0131 - swanfeat<\/title>\n<meta name=\"robots\" content=\"index, follow, max-snippet:-1, max-image-preview:large, max-video-preview:-1\" \/>\n<link rel=\"canonical\" href=\"https:\/\/swanfeat.com\/en\/urun\/facial-cleansing-brush\/\" \/>\n<meta property=\"og:locale\" content=\"tr_TR\" \/>\n<meta property=\"og:type\" content=\"article\" \/>\n<meta property=\"og:title\" content=\"Yuz Temizleme F\u0131r\u00e7as\u0131\" \/>\n<meta property=\"og:description\" content=\"Y\u00fcz temizleme f\u0131r\u00e7as\u0131 g\u00f6zenekleri derinlemesine temizler, sebum ve makyaj kal\u0131nt\u0131lar\u0131n\u0131 giderir. Y\u00fcz cildine do\u011fal olarak masaj yaparak kan dola\u015f\u0131m\u0131n\u0131 art\u0131r\u0131r ve y\u00fcz cildini cilt bak\u0131m \u00fcr\u00fcnlerinin kullan\u0131m\u0131na haz\u0131rlar. Bu f\u0131r\u00e7an\u0131n \u00f6nemli \u00f6zelliklerinden biri de k\u00fc\u00e7\u00fck, hafif ve ta\u015f\u0131mas\u0131 kolay, dayan\u0131kl\u0131 ve pratik olmas\u0131d\u0131r.\" \/>\n<meta property=\"og:url\" content=\"https:\/\/swanfeat.com\/en\/urun\/facial-cleansing-brush\/\" \/>\n<meta property=\"og:site_name\" content=\"swanfeat\" \/>\n<meta property=\"article:modified_time\" content=\"2024-11-04T10:35:52+00:00\" \/>\n<meta property=\"og:image\" content=\"https:\/\/swanfeat.com\/wp-content\/uploads\/2024\/07\/Swanfeat-Cleansing-Brush-1.png\" \/>\n\t<meta property=\"og:image:width\" content=\"570\" \/>\n\t<meta property=\"og:image:height\" content=\"770\" \/>\n\t<meta property=\"og:image:type\" content=\"image\/png\" \/>\n<meta name=\"twitter:card\" content=\"summary_large_image\" \/>\n<meta name=\"twitter:label1\" content=\"Tahmini okuma s\u00fcresi\" \/>\n\t<meta name=\"twitter:data1\" content=\"1 dakika\" \/>\n<script type=\"application\/ld+json\" class=\"yoast-schema-graph\">{\"@context\":\"https:\/\/schema.org\",\"@graph\":[{\"@type\":\"WebPage\",\"@id\":\"https:\/\/swanfeat.com\/en\/urun\/facial-cleansing-brush\/\",\"url\":\"https:\/\/swanfeat.com\/en\/urun\/facial-cleansing-brush\/\",\"name\":\"Yuz Temizleme F\u0131r\u00e7as\u0131 - swanfeat\",\"isPartOf\":{\"@id\":\"https:\/\/swanfeat.com\/en\/#website\"},\"primaryImageOfPage\":{\"@id\":\"https:\/\/swanfeat.com\/en\/urun\/facial-cleansing-brush\/#primaryimage\"},\"image\":{\"@id\":\"https:\/\/swanfeat.com\/en\/urun\/facial-cleansing-brush\/#primaryimage\"},\"thumbnailUrl\":\"https:\/\/swanfeat.com\/wp-content\/uploads\/2024\/07\/Swanfeat-Cleansing-Brush-1.png\",\"datePublished\":\"2024-07-27T08:54:37+00:00\",\"dateModified\":\"2024-11-04T10:35:52+00:00\",\"breadcrumb\":{\"@id\":\"https:\/\/swanfeat.com\/en\/urun\/facial-cleansing-brush\/#breadcrumb\"},\"inLanguage\":\"tr\",\"potentialAction\":[{\"@type\":\"ReadAction\",\"target\":[\"https:\/\/swanfeat.com\/en\/urun\/facial-cleansing-brush\/\"]}]},{\"@type\":\"ImageObject\",\"inLanguage\":\"tr\",\"@id\":\"https:\/\/swanfeat.com\/en\/urun\/facial-cleansing-brush\/#primaryimage\",\"url\":\"https:\/\/swanfeat.com\/wp-content\/uploads\/2024\/07\/Swanfeat-Cleansing-Brush-1.png\",\"contentUrl\":\"https:\/\/swanfeat.com\/wp-content\/uploads\/2024\/07\/Swanfeat-Cleansing-Brush-1.png\",\"width\":570,\"height\":770},{\"@type\":\"BreadcrumbList\",\"@id\":\"https:\/\/swanfeat.com\/en\/urun\/facial-cleansing-brush\/#breadcrumb\",\"itemListElement\":[{\"@type\":\"ListItem\",\"position\":1,\"name\":\"Home\",\"item\":\"https:\/\/swanfeat.com\/tr\/\"},{\"@type\":\"ListItem\",\"position\":2,\"name\":\"Ma\u011faza\",\"item\":\"https:\/\/swanfeat.com\/tr\/magaza\/\"},{\"@type\":\"ListItem\",\"position\":3,\"name\":\"Yuz Temizleme F\u0131r\u00e7as\u0131\"}]},{\"@type\":\"WebSite\",\"@id\":\"https:\/\/swanfeat.com\/en\/#website\",\"url\":\"https:\/\/swanfeat.com\/en\/\",\"name\":\"swanfeat\",\"description\":\"Cosmetic Product\",\"publisher\":{\"@id\":\"https:\/\/swanfeat.com\/en\/#organization\"},\"potentialAction\":[{\"@type\":\"SearchAction\",\"target\":{\"@type\":\"EntryPoint\",\"urlTemplate\":\"https:\/\/swanfeat.com\/en\/?s={search_term_string}\"},\"query-input\":{\"@type\":\"PropertyValueSpecification\",\"valueRequired\":true,\"valueName\":\"search_term_string\"}}],\"inLanguage\":\"tr\"},{\"@type\":\"Organization\",\"@id\":\"https:\/\/swanfeat.com\/en\/#organization\",\"name\":\"swanfeat\",\"url\":\"https:\/\/swanfeat.com\/en\/\",\"logo\":{\"@type\":\"ImageObject\",\"inLanguage\":\"tr\",\"@id\":\"https:\/\/swanfeat.com\/en\/#\/schema\/logo\/image\/\",\"url\":\"https:\/\/swanfeat.com\/en\/\/wp-content\/uploads\/2024\/07\/swanfeat-logo-black-1.png\",\"contentUrl\":\"https:\/\/swanfeat.com\/en\/\/wp-content\/uploads\/2024\/07\/swanfeat-logo-black-1.png\",\"width\":600,\"height\":600,\"caption\":\"swanfeat\"},\"image\":{\"@id\":\"https:\/\/swanfeat.com\/en\/#\/schema\/logo\/image\/\"}}]}<\/script>\n<!-- \/ Yoast SEO Premium plugin. -->","yoast_head_json":{"title":"Yuz Temizleme F\u0131r\u00e7as\u0131 - swanfeat","robots":{"index":"index","follow":"follow","max-snippet":"max-snippet:-1","max-image-preview":"max-image-preview:large","max-video-preview":"max-video-preview:-1"},"canonical":"https:\/\/swanfeat.com\/en\/urun\/facial-cleansing-brush\/","og_locale":"tr_TR","og_type":"article","og_title":"Yuz Temizleme F\u0131r\u00e7as\u0131","og_description":"Y\u00fcz temizleme f\u0131r\u00e7as\u0131 g\u00f6zenekleri derinlemesine temizler, sebum ve makyaj kal\u0131nt\u0131lar\u0131n\u0131 giderir. Y\u00fcz cildine do\u011fal olarak masaj yaparak kan dola\u015f\u0131m\u0131n\u0131 art\u0131r\u0131r ve y\u00fcz cildini cilt bak\u0131m \u00fcr\u00fcnlerinin kullan\u0131m\u0131na haz\u0131rlar. Bu f\u0131r\u00e7an\u0131n \u00f6nemli \u00f6zelliklerinden biri de k\u00fc\u00e7\u00fck, hafif ve ta\u015f\u0131mas\u0131 kolay, dayan\u0131kl\u0131 ve pratik olmas\u0131d\u0131r.","og_url":"https:\/\/swanfeat.com\/en\/urun\/facial-cleansing-brush\/","og_site_name":"swanfeat","article_modified_time":"2024-11-04T10:35:52+00:00","og_image":[{"width":570,"height":770,"url":"https:\/\/swanfeat.com\/wp-content\/uploads\/2024\/07\/Swanfeat-Cleansing-Brush-1.png","type":"image\/png"}],"twitter_card":"summary_large_image","twitter_misc":{"Tahmini okuma s\u00fcresi":"1 dakika"},"schema":{"@context":"https:\/\/schema.org","@graph":[{"@type":"WebPage","@id":"https:\/\/swanfeat.com\/en\/urun\/facial-cleansing-brush\/","url":"https:\/\/swanfeat.com\/en\/urun\/facial-cleansing-brush\/","name":"Yuz Temizleme F\u0131r\u00e7as\u0131 - swanfeat","isPartOf":{"@id":"https:\/\/swanfeat.com\/en\/#website"},"primaryImageOfPage":{"@id":"https:\/\/swanfeat.com\/en\/urun\/facial-cleansing-brush\/#primaryimage"},"image":{"@id":"https:\/\/swanfeat.com\/en\/urun\/facial-cleansing-brush\/#primaryimage"},"thumbnailUrl":"https:\/\/swanfeat.com\/wp-content\/uploads\/2024\/07\/Swanfeat-Cleansing-Brush-1.png","datePublished":"2024-07-27T08:54:37+00:00","dateModified":"2024-11-04T10:35:52+00:00","breadcrumb":{"@id":"https:\/\/swanfeat.com\/en\/urun\/facial-cleansing-brush\/#breadcrumb"},"inLanguage":"tr","potentialAction":[{"@type":"ReadAction","target":["https:\/\/swanfeat.com\/en\/urun\/facial-cleansing-brush\/"]}]},{"@type":"ImageObject","inLanguage":"tr","@id":"https:\/\/swanfeat.com\/en\/urun\/facial-cleansing-brush\/#primaryimage","url":"https:\/\/swanfeat.com\/wp-content\/uploads\/2024\/07\/Swanfeat-Cleansing-Brush-1.png","contentUrl":"https:\/\/swanfeat.com\/wp-content\/uploads\/2024\/07\/Swanfeat-Cleansing-Brush-1.png","width":570,"height":770},{"@type":"BreadcrumbList","@id":"https:\/\/swanfeat.com\/en\/urun\/facial-cleansing-brush\/#breadcrumb","itemListElement":[{"@type":"ListItem","position":1,"name":"Home","item":"https:\/\/swanfeat.com\/tr\/"},{"@type":"ListItem","position":2,"name":"Ma\u011faza","item":"https:\/\/swanfeat.com\/tr\/magaza\/"},{"@type":"ListItem","position":3,"name":"Yuz Temizleme F\u0131r\u00e7as\u0131"}]},{"@type":"WebSite","@id":"https:\/\/swanfeat.com\/en\/#website","url":"https:\/\/swanfeat.com\/en\/","name":"swanfeat","description":"Cosmetic Product","publisher":{"@id":"https:\/\/swanfeat.com\/en\/#organization"},"potentialAction":[{"@type":"SearchAction","target":{"@type":"EntryPoint","urlTemplate":"https:\/\/swanfeat.com\/en\/?s={search_term_string}"},"query-input":{"@type":"PropertyValueSpecification","valueRequired":true,"valueName":"search_term_string"}}],"inLanguage":"tr"},{"@type":"Organization","@id":"https:\/\/swanfeat.com\/en\/#organization","name":"swanfeat","url":"https:\/\/swanfeat.com\/en\/","logo":{"@type":"ImageObject","inLanguage":"tr","@id":"https:\/\/swanfeat.com\/en\/#\/schema\/logo\/image\/","url":"https:\/\/swanfeat.com\/en\/\/wp-content\/uploads\/2024\/07\/swanfeat-logo-black-1.png","contentUrl":"https:\/\/swanfeat.com\/en\/\/wp-content\/uploads\/2024\/07\/swanfeat-logo-black-1.png","width":600,"height":600,"caption":"swanfeat"},"image":{"@id":"https:\/\/swanfeat.com\/en\/#\/schema\/logo\/image\/"}}]}},"_links":{"self":[{"href":"https:\/\/swanfeat.com\/tr\/wp-json\/wp\/v2\/product\/2143","targetHints":{"allow":["GET"]}}],"collection":[{"href":"https:\/\/swanfeat.com\/tr\/wp-json\/wp\/v2\/product"}],"about":[{"href":"https:\/\/swanfeat.com\/tr\/wp-json\/wp\/v2\/types\/product"}],"replies":[{"embeddable":true,"href":"https:\/\/swanfeat.com\/tr\/wp-json\/wp\/v2\/comments?post=2143"}],"wp:featuredmedia":[{"embeddable":true,"href":"https:\/\/swanfeat.com\/tr\/wp-json\/wp\/v2\/media\/2299"}],"wp:attachment":[{"href":"https:\/\/swanfeat.com\/tr\/wp-json\/wp\/v2\/media?parent=2143"}],"wp:term":[{"taxonomy":"product_brand","embeddable":true,"href":"https:\/\/swanfeat.com\/tr\/wp-json\/wp\/v2\/product_brand?post=2143"},{"taxonomy":"product_cat","embeddable":true,"href":"https:\/\/swanfeat.com\/tr\/wp-json\/wp\/v2\/product_cat?post=2143"},{"taxonomy":"product_tag","embeddable":true,"href":"https:\/\/swanfeat.com\/tr\/wp-json\/wp\/v2\/product_tag?post=2143"}],"curies":[{"name":"wp","href":"https:\/\/api.w.org\/{rel}","templated":true}]}}